{"id":987512350,"date":"2026-03-06T23:45:42","date_gmt":"2026-03-06T23:45:42","guid":{"rendered":"https:\/\/asc-languages.ch\/?page_id=987512350"},"modified":"2026-03-06T23:46:53","modified_gmt":"2026-03-06T23:46:53","slug":"politique-de-cookies","status":"publish","type":"page","link":"https:\/\/asc-languages.ch\/en\/politique-de-cookies\/","title":{"rendered":"Politique de cookies"},"content":{"rendered":"<p>[et_pb_section fb_built=\u00a0\u00bb1&Prime; admin_label=\u00a0\u00bbHeader\u00a0\u00bb _builder_version=\u00a0\u00bb4.27.4&Prime; _module_preset=\u00a0\u00bbdefault\u00a0\u00bb background_color=\u00a0\u00bb#003399&Prime; background_enable_image=\u00a0\u00bboff\u00a0\u00bb background_position=\u00a0\u00bbbottom_center\u00a0\u00bb background_vertical_offset=\u00a0\u00bb23%\u00a0\u00bb custom_padding=\u00a0\u00bb10vw||0px||false|false\u00a0\u00bb collapsed=\u00a0\u00bbon\u00a0\u00bb global_colors_info=\u00a0\u00bb{}\u00a0\u00bb theme_builder_area=\u00a0\u00bbpost_content\u00a0\u00bb][et_pb_row custom_padding_last_edited=\u00a0\u00bbon|desktop\u00a0\u00bb module_id=\u00a0\u00bbasc-histoire\u00a0\u00bb _builder_version=\u00a0\u00bb4.27.3&Prime; _module_preset=\u00a0\u00bbdefault\u00a0\u00bb background_color=\u00a0\u00bb#FFFFFF\u00a0\u00bb width=\u00a0\u00bb72%\u00a0\u00bb width_tablet=\u00a0\u00bb80%\u00a0\u00bb width_phone=\u00a0\u00bb100%\u00a0\u00bb width_last_edited=\u00a0\u00bbon|phone\u00a0\u00bb max_width=\u00a0\u00bb100%\u00a0\u00bb module_alignment=\u00a0\u00bbcenter\u00a0\u00bb custom_padding=\u00a0\u00bb28px|60px|8px|28px|false|false\u00a0\u00bb custom_padding_tablet=\u00a0\u00bb30px|30px|30px|40px|true|false\u00a0\u00bb custom_padding_phone=\u00a0\u00bb20px|20px|20px|30px|true|false\u00a0\u00bb border_radii=\u00a0\u00bboff||||\u00a0\u00bb border_color_bottom=\u00a0\u00bb#2A2F31&Prime; locked=\u00a0\u00bboff\u00a0\u00bb global_colors_info=\u00a0\u00bb{}\u00a0\u00bb theme_builder_area=\u00a0\u00bbpost_content\u00a0\u00bb][et_pb_column type=\u00a0\u00bb4_4&Prime; _builder_version=\u00a0\u00bb4.22.1&Prime; _module_preset=\u00a0\u00bbdefault\u00a0\u00bb global_colors_info=\u00a0\u00bb{}\u00a0\u00bb theme_builder_area=\u00a0\u00bbpost_content\u00a0\u00bb][et_pb_text _builder_version=\u00a0\u00bb4.27.3&Prime; _module_preset=\u00a0\u00bbe6f5f292-cba2-48c3-a692-6c9540a7d1fe\u00a0\u00bb text_font=\u00a0\u00bbSource Sans Pro|600|||||||\u00a0\u00bb text_text_color=\u00a0\u00bb#FFFFFF\u00a0\u00bb text_font_size=\u00a0\u00bb58px\u00a0\u00bb text_line_height=\u00a0\u00bb0.9em\u00a0\u00bb header_font=\u00a0\u00bbSource Sans Pro|600|||||||\u00a0\u00bb header_text_color=\u00a0\u00bb#003399&Prime; header_font_size=\u00a0\u00bb47px\u00a0\u00bb width=\u00a0\u00bb92%\u00a0\u00bb width_tablet=\u00a0\u00bb100%\u00a0\u00bb width_phone=\u00a0\u00bb101%\u00a0\u00bb width_last_edited=\u00a0\u00bbon|phone\u00a0\u00bb max_width_tablet=\u00a0\u00bb100%\u00a0\u00bb max_width_phone=\u00a0\u00bb100%\u00a0\u00bb max_width_last_edited=\u00a0\u00bbon|phone\u00a0\u00bb module_alignment=\u00a0\u00bbcenter\u00a0\u00bb text_font_size_tablet=\u00a0\u00bb58px\u00a0\u00bb text_font_size_phone=\u00a0\u00bb40px\u00a0\u00bb text_font_size_last_edited=\u00a0\u00bbon|phone\u00a0\u00bb header_font_size_phone=\u00a0\u00bb37px\u00a0\u00bb global_colors_info=\u00a0\u00bb{}\u00a0\u00bb theme_builder_area=\u00a0\u00bbpost_content\u00a0\u00bb]<\/p>\n<h1>ASC Languages<br \/>Politique de cookies<\/h1>\n<h1><\/h1>\n<p>[\/et_pb_text][\/et_pb_column][\/et_pb_row][\/et_pb_section][et_pb_section fb_built=\u00a0\u00bb1&Prime; admin_label=\u00a0\u00bbAbout\u00a0\u00bb _builder_version=\u00a0\u00bb4.19.1&Prime; _module_preset=\u00a0\u00bbdefault\u00a0\u00bb custom_padding=\u00a0\u00bb20px||19px|||\u00a0\u00bb collapsed=\u00a0\u00bbon\u00a0\u00bb global_colors_info=\u00a0\u00bb{}\u00a0\u00bb theme_builder_area=\u00a0\u00bbpost_content\u00a0\u00bb][et_pb_row module_id=\u00a0\u00bbasc-histoire\u00a0\u00bb _builder_version=\u00a0\u00bb4.27.2&Prime; _module_preset=\u00a0\u00bbdefault\u00a0\u00bb width=\u00a0\u00bb100%\u00a0\u00bb max_width=\u00a0\u00bb63%\u00a0\u00bb max_width_tablet=\u00a0\u00bb61%\u00a0\u00bb max_width_phone=\u00a0\u00bb88%\u00a0\u00bb max_width_last_edited=\u00a0\u00bbon|phone\u00a0\u00bb module_alignment=\u00a0\u00bbcenter\u00a0\u00bb custom_margin=\u00a0\u00bb|auto||353px|false|false\u00a0\u00bb custom_margin_tablet=\u00a0\u00bb|auto||243px|false|false\u00a0\u00bb custom_margin_phone=\u00a0\u00bb|||10px|false|false\u00a0\u00bb custom_margin_last_edited=\u00a0\u00bbon|phone\u00a0\u00bb custom_padding=\u00a0\u00bb|0px|84px|0px|false|true\u00a0\u00bb module_alignment_tablet=\u00a0\u00bbcenter\u00a0\u00bb module_alignment_phone=\u00a0\u00bbcenter\u00a0\u00bb module_alignment_last_edited=\u00a0\u00bbon|phone\u00a0\u00bb border_color_bottom=\u00a0\u00bb#2A2F31&Prime; global_colors_info=\u00a0\u00bb{}\u00a0\u00bb theme_builder_area=\u00a0\u00bbpost_content\u00a0\u00bb][et_pb_column type=\u00a0\u00bb4_4&Prime; _builder_version=\u00a0\u00bb4.24.2&Prime; _module_preset=\u00a0\u00bbdefault\u00a0\u00bb background_enable_image=\u00a0\u00bboff\u00a0\u00bb background_blend=\u00a0\u00bbmultiply\u00a0\u00bb global_colors_info=\u00a0\u00bb{}\u00a0\u00bb theme_builder_area=\u00a0\u00bbpost_content\u00a0\u00bb][et_pb_text _builder_version=\u00a0\u00bb4.27.4&Prime; _module_preset=\u00a0\u00bb99614281-f1b6-4918-a7ce-825e75faa242&Prime; text_font=\u00a0\u00bbSource Sans Pro||||||||\u00a0\u00bb text_text_color=\u00a0\u00bb#2A2F31&Prime; text_font_size=\u00a0\u00bb16px\u00a0\u00bb header_2_text_color=\u00a0\u00bb#003399&Prime; header_2_font_size=\u00a0\u00bb36px\u00a0\u00bb header_2_line_height=\u00a0\u00bb1.1em\u00a0\u00bb width=\u00a0\u00bb93%\u00a0\u00bb custom_margin=\u00a0\u00bb|||0px|false|false\u00a0\u00bb header_2_font_size_phone=\u00a0\u00bb26px\u00a0\u00bb global_colors_info=\u00a0\u00bb{}\u00a0\u00bb theme_builder_area=\u00a0\u00bbpost_content\u00a0\u00bb]<\/p>\n<h1 class=\"cookie-policy-h1\">Politique de cookies<\/h1>\n<div class=\"cookie-policy-date-container\">\n<p>Date d&rsquo;entr\u00e9e en vigueur: March 07, 2026<\/p>\n<p>Derni\u00e8re mise \u00e0 jour: March 06, 2026<\/p>\n<\/div>\n<p><span>\u00a0<\/span><\/p>\n<h2>Que sont les cookies?<\/h2>\n<div class=\"cookie-policy-p\">\n<p>Cette politique explique ce que sont les cookies, comment nous les utilisons, quels types de cookies nous utilisons (c&rsquo;est-\u00e0-dire les informations que nous collectons \u00e0 l&rsquo;aide des cookies et la mani\u00e8re dont ces informations sont utilis\u00e9es), ainsi que la mani\u00e8re de g\u00e9rer vos param\u00e8tres de cookies.<\/p>\n<p>Les cookies sont de petits fichiers texte servant \u00e0 stocker de petites informations. Ils sont enregistr\u00e9s sur votre appareil lorsque vous chargez un site Web dans votre navigateur. Les cookies nous aident \u00e0 garantir le bon fonctionnement du site Web, \u00e0 renforcer la s\u00e9curit\u00e9, \u00e0 am\u00e9liorer l&rsquo;exp\u00e9rience utilisateur et \u00e0 analyser les performances afin d&rsquo;identifier les \u00e9l\u00e9ments fonctionnels et les domaines o\u00f9 des am\u00e9liorations sont n\u00e9cessaires.<\/p>\n<\/div>\n<p><span>\u00a0<\/span><\/p>\n<h2>Comment utilisons-nous les cookies?<\/h2>\n<div class=\"cookie-policy-p\">\n<p>Comme la plupart des services en ligne, notre site Web utilise \u00e0 la fois des cookies de premi\u00e8re partie et des cookies tiers \u00e0 diverses fins. Les cookies de premi\u00e8re partie sont principalement n\u00e9cessaires au bon fonctionnement du site Web et ne collectent aucune donn\u00e9e permettant d&rsquo;identifier personnellement l&rsquo;utilisateur.<\/p>\n<p>Les cookies de tiers utilis\u00e9s sur notre site Web nous aident principalement \u00e0 comprendre les performances du site, \u00e0 suivre votre mani\u00e8re d&rsquo;interagir avec lui, \u00e0 maintenir la s\u00e9curit\u00e9 de nos services, \u00e0 diffuser des publicit\u00e9s pertinentes et \u00e0 am\u00e9liorer votre exp\u00e9rience utilisateur globale, tout en optimisant la vitesse de vos futures interactions avec notre site.<\/p>\n<\/div>\n<p><span>\u00a0<\/span><\/p>\n<h2>Types de cookies que nous utilisons<\/h2>\n<div class=\"cky-audit-table-element\">\n<div>\n<p class=\"text-xl font-semibold mb-2\">N\u00e9cessaire<\/p>\n<div class=\"cky-category-des\">\n<p>Les cookies n\u00e9cessaires sont cruciaux pour les fonctions de base du site Web et celui-ci ne fonctionnera pas comme pr\u00e9vu sans eux.Ces cookies ne stockent aucune donn\u00e9e personnellement identifiable.<\/p>\n<\/div>\n<div class=\"cky-table-wrapper\">\n<table class=\"cky-cookie-audit-table\">\n<thead>\n<tr>\n<th>Cookie<\/th>\n<th>Duration<\/th>\n<th>Description<\/th>\n<\/tr>\n<\/thead>\n<tbody>\n<tr>\n<td>PHPSESSID<\/td>\n<td>session<\/td>\n<td>Ce t\u00e9moin est natif des applications PHP. Le t\u00e9moin stocke et identifie un identifiant de session unique d\u2019un utilisateur afin de g\u00e9rer les sessions d\u2019utilisateurs sur le site Internet. Ce t\u00e9moin est un t\u00e9moin de session et sera supprim\u00e9 lorsque toutes les fen\u00eatres du navigateur seront ferm\u00e9es.<\/td>\n<\/tr>\n<tr>\n<td>cookieyes-consent<\/td>\n<td>1 an<\/td>\n<td>CookieYes place ce t\u00e9moin pour m\u00e9moriser les pr\u00e9f\u00e9rences des utilisateurs en mati\u00e8re de consentement afin que leurs pr\u00e9f\u00e9rences soient respect\u00e9es lors des visites ult\u00e9rieures de ce site. Il ne collecte ni ne stocke aucune information personnelle sur les visiteurs du site.<\/td>\n<\/tr>\n<\/tbody>\n<\/table>\n<\/div>\n<\/div>\n<div>\n<p class=\"text-xl font-semibold mb-2\">Analytique<\/p>\n<div class=\"cky-category-des\">\n<p>Les cookies analytiques sont utilis\u00e9s pour comprendre comment les visiteurs interagissent avec le site Web. Ces cookies aident \u00e0 fournir des informations sur le nombre de visiteurs, le taux de rebond, la source de trafic, etc.<\/p>\n<\/div>\n<div class=\"cky-table-wrapper\">\n<table class=\"cky-cookie-audit-table\">\n<thead>\n<tr>\n<th>Cookie<\/th>\n<th>Duration<\/th>\n<th>Description<\/th>\n<\/tr>\n<\/thead>\n<tbody>\n<tr>\n<td>_ga<\/td>\n<td>1 an 1 mois 4 jour<\/td>\n<td>Google Analytics utilise ce t\u00e9moin pour calculer les donn\u00e9es relatives aux visiteurs, aux sessions et aux campagnes et suivre l\u2019utilisation du site pour le rapport d\u2019analyse du site. Le t\u00e9moin stocke les informations de mani\u00e8re anonyme et attribue un num\u00e9ro g\u00e9n\u00e9r\u00e9 de mani\u00e8re al\u00e9atoire pour reconna\u00eetre les visiteurs uniques.<\/td>\n<\/tr>\n<tr>\n<td>_ga_*<\/td>\n<td>1 an 1 mois 4 jour<\/td>\n<td>Google Analytics sets this cookie to store and count page views.<\/td>\n<\/tr>\n<tr>\n<td>_gid<\/td>\n<td>1 jour<\/td>\n<td>Google Analytics utilise ce t\u00e9moin pour stocker des informations sur la fa\u00e7on dont les visiteurs utilisent un site Internet tout en cr\u00e9ant un rapport d\u2019analyse des performances du site. Certaines des donn\u00e9es collect\u00e9es comprennent le nombre de visiteurs, leur source et les pages qu\u2019ils visitent de mani\u00e8re anonyme.<\/td>\n<\/tr>\n<tr>\n<td>_gat_UA-*<\/td>\n<td>1 minute<\/td>\n<td>Google Analytics sets this cookie for user behaviour tracking.<\/td>\n<\/tr>\n<tr>\n<td>pys_session_limit<\/td>\n<td>1 heure<\/td>\n<td>PixelYourSite plugin sets this cookie to manage the analytical services.<\/td>\n<\/tr>\n<tr>\n<td>pys_start_session<\/td>\n<td>session<\/td>\n<td>PixelYourSite plugin sets this cookie to manage the analytical services.<\/td>\n<\/tr>\n<tr>\n<td>pys_first_visit<\/td>\n<td>7 jour<\/td>\n<td>PixelYourSite plugin sets this cookie to manage the analytical services.<\/td>\n<\/tr>\n<tr>\n<td>pysTrafficSource<\/td>\n<td>7 jour<\/td>\n<td>PixelYourSite plugin sets this cookie to manage the analytical services.<\/td>\n<\/tr>\n<tr>\n<td>pys_landing_page<\/td>\n<td>7 jour<\/td>\n<td>PixelYourSite plugin sets this cookie to manages the analytical services.<\/td>\n<\/tr>\n<tr>\n<td>last_pysTrafficSource<\/td>\n<td>7 jour<\/td>\n<td>PixelYourSite plugin sets this cookie to manage the analytical services.<\/td>\n<\/tr>\n<tr>\n<td>last_pys_landing_page<\/td>\n<td>7 jour<\/td>\n<td>PixelYourSite plugin sets this cookie to manages the analytical services.<\/td>\n<\/tr>\n<tr>\n<td>_fbp<\/td>\n<td>7 jour<\/td>\n<td>Facebook d\u00e9finit ce t\u00e9moin pour afficher des publicit\u00e9s lorsque vous \u00eates sur Facebook ou sur une plateforme num\u00e9rique aliment\u00e9e par la publicit\u00e9 de Facebook apr\u00e8s avoir visit\u00e9 le site Internet.<\/td>\n<\/tr>\n<\/tbody>\n<\/table>\n<\/div>\n<\/div>\n<div>\n<p class=\"text-xl font-semibold mb-2\">Publicit\u00e9<\/p>\n<div class=\"cky-category-des\">\n<p>Les cookies de publicit\u00e9 sont utilis\u00e9s pour fournir aux visiteurs des publicit\u00e9s personnalis\u00e9es bas\u00e9es sur les pages visit\u00e9es pr\u00e9c\u00e9demment et analyser l&rsquo;efficacit\u00e9 de la campagne publicitaire.<\/p>\n<\/div>\n<div class=\"cky-table-wrapper\">\n<table class=\"cky-cookie-audit-table\">\n<thead>\n<tr>\n<th>Cookie<\/th>\n<th>Duration<\/th>\n<th>Description<\/th>\n<\/tr>\n<\/thead>\n<tbody>\n<tr>\n<td>pixelcat_id<\/td>\n<td>1 an<\/td>\n<td>Pixel Cat plugin sets this cookie to make Facebook advertisements.<\/td>\n<\/tr>\n<tr>\n<td>YSC<\/td>\n<td>session<\/td>\n<td>YouTube place ce t\u00e9moin pour suivre les vues des vid\u00e9os int\u00e9gr\u00e9es dans les pages YouTube.<\/td>\n<\/tr>\n<tr>\n<td>VISITOR_INFO1_LIVE<\/td>\n<td>6 mois<\/td>\n<td>YouTube utilise ce t\u00e9moin pour mesurer la bande passante et d\u00e9terminer si l\u2019utilisateur obtient la nouvelle ou l\u2019ancienne interface du lecteur.<\/td>\n<\/tr>\n<tr>\n<td>VISITOR_PRIVACY_METADATA<\/td>\n<td>6 mois<\/td>\n<td>YouTube sets this cookie to store the user&rsquo;s cookie consent state for the current domain.<\/td>\n<\/tr>\n<tr>\n<td>PREF<\/td>\n<td>8 mois<\/td>\n<td>PREF cookie is set by Youtube to store user preferences like language, format of search results and other customizations for YouTube Videos embedded in different sites.<\/td>\n<\/tr>\n<\/tbody>\n<\/table>\n<\/div>\n<\/div>\n<div>\n<p class=\"text-xl font-semibold mb-2\">Non class\u00e9<\/p>\n<div class=\"cky-category-des\">\n<p>Les autres cookies non class\u00e9s sont ceux qui sont en cours d&rsquo;analyse et qui n&rsquo;ont pas encore \u00e9t\u00e9 class\u00e9s dans une cat\u00e9gorie.<\/p>\n<\/div>\n<div class=\"cky-table-wrapper\">\n<table class=\"cky-cookie-audit-table\">\n<thead>\n<tr>\n<th>Cookie<\/th>\n<th>Duration<\/th>\n<th>Description<\/th>\n<\/tr>\n<\/thead>\n<tbody>\n<tr>\n<td>pbid<\/td>\n<td>6 mois<\/td>\n<td>Description is currently not available.<\/td>\n<\/tr>\n<\/tbody>\n<\/table>\n<\/div>\n<\/div>\n<\/div>\n<p><span>\u00a0<\/span><\/p>\n<h2>G\u00e9rer les pr\u00e9f\u00e9rences de cookies<\/h2>\n<p><a class=\"cky-banner-element\">Pr\u00e9f\u00e9rences de consentement<\/a><\/p>\n<div>\n<p>Vous pouvez modifier vos param\u00e8tres de cookies \u00e0 tout moment en cliquant sur le bouton \u00ab Pr\u00e9f\u00e9rences de consentement \u00bb ci-dessus. Cela vous permettra de revenir sur la banni\u00e8re de consentement aux cookies, de mettre \u00e0 jour vos pr\u00e9f\u00e9rences ou de retirer imm\u00e9diatement votre consentement.<\/p>\n<p>De plus, diff\u00e9rents navigateurs proposent diff\u00e9rentes m\u00e9thodes pour bloquer et supprimer les cookies utilis\u00e9s par les sites Web. Vous pouvez ajuster les param\u00e8tres de votre navigateur pour bloquer ou supprimer les cookies. Vous trouverez ci-dessous des liens vers des documents d&rsquo;assistance sur la fa\u00e7on de g\u00e9rer et de supprimer les cookies sur les principaux navigateurs Web.<\/p>\n<p>Chrome: <a target=\"_blank\" rel=\"noopener noreferrer\" href=\"https:\/\/support.google.com\/accounts\/answer\/32050\">https:\/\/support.google.com\/accounts\/answer\/32050<\/a><\/p>\n<p>Safari: <a target=\"_blank\" rel=\"noopener noreferrer\" href=\"https:\/\/support.apple.com\/en-in\/guide\/safari\/sfri11471\/mac\">https:\/\/support.apple.com\/en-in\/guide\/safari\/sfri11471\/mac<\/a><\/p>\n<p>Firefox: <a target=\"_blank\" rel=\"noopener noreferrer\" href=\"https:\/\/support.mozilla.org\/en-US\/kb\/clear-cookies-and-site-data-firefox?redirectslug=delete-cookies-remove-info-websites-stored&amp;redirectlocale=en-US\">https:\/\/support.mozilla.org\/en-US\/kb\/clear-cookies-and-site-data-firefox?redirectslug=delete-cookies-remove-info-websites-stored&amp;redirectlocale=en-US<\/a><\/p>\n<p>Internet Explorer: <a target=\"_blank\" rel=\"noopener noreferrer\" href=\"https:\/\/support.microsoft.com\/en-us\/topic\/how-to-delete-cookie-files-in-internet-explorer-bca9446f-d873-78de-77ba-d42645fa52fc\">https:\/\/support.microsoft.com\/en-us\/topic\/how-to-delete-cookie-files-in-internet-explorer-bca9446f-d873-78de-77ba-d42645fa52fc<\/a><\/p>\n<p>Si vous utilisez un autre navigateur, veuillez vous r\u00e9f\u00e9rer \u00e0 sa documentation officielle.<\/p>\n<\/div>\n<p><span>\u00a0<\/span><\/p>\n<p class=\"cookie-policy-p\">Politique de cookies g\u00e9n\u00e9r\u00e9e par <a target=\"_blank\" rel=\"noopener noreferrer\" href=\"https:\/\/www.cookieyes.com\/?utm_source=CP&amp;utm_medium=footer&amp;utm_campaign=UW\">CookieYes &#8211; G\u00e9n\u00e9rateur de politique de cookies<\/a><\/p>\n<p style=\"font-weight: 400;\"><span><\/span><\/p>\n<p>[\/et_pb_text][\/et_pb_column][\/et_pb_row][\/et_pb_section]<\/p>\n","protected":false},"excerpt":{"rendered":"<p>ASC LanguagesPolitique de cookies Politique de cookies Date d&rsquo;entr\u00e9e en vigueur: March 07, 2026 Derni\u00e8re mise \u00e0 jour: March 06, 2026 \u00a0 Que sont les cookies? Cette politique explique ce que sont les cookies, comment nous les utilisons, quels types de cookies nous utilisons (c&rsquo;est-\u00e0-dire les informations que nous collectons \u00e0 l&rsquo;aide des cookies et la mani\u00e8re dont ces informations sont utilis\u00e9es), ainsi que la mani\u00e8re de g\u00e9rer vos param\u00e8tres de cookies. Les cookies sont de petits fichiers texte servant \u00e0 stocker de petites informations. Ils sont enregistr\u00e9s sur votre appareil lorsque vous chargez un site Web dans votre navigateur. Les cookies nous aident \u00e0 garantir le bon fonctionnement du site Web, \u00e0 renforcer la s\u00e9curit\u00e9, \u00e0 am\u00e9liorer l&rsquo;exp\u00e9rience utilisateur et \u00e0 analyser les performances afin d&rsquo;identifier les \u00e9l\u00e9ments fonctionnels et les domaines o\u00f9 des am\u00e9liorations sont n\u00e9cessaires. \u00a0 Comment utilisons-nous les cookies? Comme la plupart des services en ligne, notre site Web utilise \u00e0 la fois des cookies de premi\u00e8re partie et des cookies tiers \u00e0 diverses fins. Les cookies de premi\u00e8re partie sont principalement n\u00e9cessaires au bon fonctionnement du site Web et ne collectent aucune donn\u00e9e permettant d&rsquo;identifier personnellement l&rsquo;utilisateur. Les cookies de tiers utilis\u00e9s sur notre site [&hellip;]<\/p>\n","protected":false},"author":3,"featured_media":0,"parent":0,"menu_order":0,"comment_status":"closed","ping_status":"closed","template":"","meta":{"_et_pb_use_builder":"on","_et_pb_old_content":"","_et_gb_content_width":"","footnotes":""},"class_list":["post-987512350","page","type-page","status-publish","hentry"],"_links":{"self":[{"href":"https:\/\/asc-languages.ch\/en\/wp-json\/wp\/v2\/pages\/987512350","targetHints":{"allow":["GET"]}}],"collection":[{"href":"https:\/\/asc-languages.ch\/en\/wp-json\/wp\/v2\/pages"}],"about":[{"href":"https:\/\/asc-languages.ch\/en\/wp-json\/wp\/v2\/types\/page"}],"author":[{"embeddable":true,"href":"https:\/\/asc-languages.ch\/en\/wp-json\/wp\/v2\/users\/3"}],"replies":[{"embeddable":true,"href":"https:\/\/asc-languages.ch\/en\/wp-json\/wp\/v2\/comments?post=987512350"}],"version-history":[{"count":3,"href":"https:\/\/asc-languages.ch\/en\/wp-json\/wp\/v2\/pages\/987512350\/revisions"}],"predecessor-version":[{"id":987512354,"href":"https:\/\/asc-languages.ch\/en\/wp-json\/wp\/v2\/pages\/987512350\/revisions\/987512354"}],"wp:attachment":[{"href":"https:\/\/asc-languages.ch\/en\/wp-json\/wp\/v2\/media?parent=987512350"}],"curies":[{"name":"wp","href":"https:\/\/api.w.org\/{rel}","templated":true}]}}